{"id":30,"date":"2026-03-28T23:41:56","date_gmt":"2026-03-28T23:41:56","guid":{"rendered":"http:\/\/pittou.fr\/?page_id=30"},"modified":"2026-03-29T21:29:46","modified_gmt":"2026-03-29T21:29:46","slug":"about","status":"publish","type":"page","link":"https:\/\/pittou.fr\/index.php\/about\/","title":{"rendered":"ABOUT"},"content":{"rendered":"\t\t<div data-elementor-type=\"wp-page\" data-elementor-id=\"30\" class=\"elementor elementor-30\">\n\t\t\t\t<div class=\"elementor-element elementor-element-568e3e4 e-flex e-con-boxed e-con e-parent\" data-id=\"568e3e4\" data-element_type=\"container\" data-e-type=\"container\">\n\t\t\t\t\t<div class=\"e-con-inner\">\n\t\t<div class=\"elementor-element elementor-element-d15c0fe e-con-full e-flex e-con e-child\" data-id=\"d15c0fe\" data-element_type=\"container\" data-e-type=\"container\">\n\t\t\t\t<div class=\"elementor-element elementor-element-483baa1 elementor-widget elementor-widget-text-editor\" data-id=\"483baa1\" data-element_type=\"widget\" data-e-type=\"widget\" data-widget_type=\"text-editor.default\">\n\t\t\t\t\t\t\t\t\t<p>Professionnel de l\u2019image depuis plusieurs ann\u00e9es, j\u2019ai travaill\u00e9 sur des projets vari\u00e9s, du clip \u00e0 l\u2019\u00e9v\u00e9nementiel en passant par le corporate. Issu d\u2019un BTS en alternance en montage et post-production, je me suis sp\u00e9cialis\u00e9 dans le montage tout en d\u00e9veloppant la photographie et la cr\u00e9ation visuelle, notamment pour des pochettes d\u2019album.\u00a0<\/p><p>En parall\u00e8le, je suis sp\u00e9cialis\u00e9 depuis plus de 10 ans dans la captation photo et vid\u00e9o de mariages.<\/p>\t\t\t\t\t\t\t\t<\/div>\n\t\t\t\t<\/div>\n\t\t<div class=\"elementor-element elementor-element-0a84c39 e-con-full e-flex e-con e-child\" data-id=\"0a84c39\" data-element_type=\"container\" data-e-type=\"container\">\n\t\t\t\t<div class=\"elementor-element elementor-element-0ed0204 elementor-widget elementor-widget-image\" data-id=\"0ed0204\" data-element_type=\"widget\" data-e-type=\"widget\" data-widget_type=\"image.default\">\n\t\t\t\t\t\t\t\t\t\t\t\t\t\t\t<img fetchpriority=\"high\" decoding=\"async\" width=\"668\" height=\"1024\" src=\"http:\/\/pittou.fr\/wp-content\/uploads\/2026\/03\/Capture-decran-2026-03-29-a-10.45.01-668x1024.png\" class=\"attachment-large size-large wp-image-61\" alt=\"\" srcset=\"http:\/\/pittou.fr\/wp-content\/uploads\/2026\/03\/Capture-decran-2026-03-29-a-10.45.01-668x1024.png 668w, http:\/\/pittou.fr\/wp-content\/uploads\/2026\/03\/Capture-decran-2026-03-29-a-10.45.01-196x300.png 196w, http:\/\/pittou.fr\/wp-content\/uploads\/2026\/03\/Capture-decran-2026-03-29-a-10.45.01-768x1178.png 768w, http:\/\/pittou.fr\/wp-content\/uploads\/2026\/03\/Capture-decran-2026-03-29-a-10.45.01-1001x1536.png 1001w, http:\/\/pittou.fr\/wp-content\/uploads\/2026\/03\/Capture-decran-2026-03-29-a-10.45.01.png 1094w\" sizes=\"(max-width: 668px) 100vw, 668px\" \/>\t\t\t\t\t\t\t\t\t\t\t\t\t\t\t<\/div>\n\t\t\t\t<\/div>\n\t\t\t\t\t<\/div>\n\t\t\t\t<\/div>\n\t\t\t\t<\/div>\n\t\t","protected":false},"excerpt":{"rendered":"<p>Professionnel de l\u2019image depuis plusieurs ann\u00e9es, j\u2019ai travaill\u00e9 sur des projets vari\u00e9s, du clip \u00e0 l\u2019\u00e9v\u00e9nementiel en passant par le corporate. Issu d\u2019un BTS en alternance en montage et post-production, je me suis sp\u00e9cialis\u00e9 dans le montage tout en d\u00e9veloppant la photographie et la cr\u00e9ation visuelle, notamment pour des pochettes d\u2019album.\u00a0 En parall\u00e8le, je suis [&hellip;]<\/p>\n","protected":false},"author":1,"featured_media":0,"parent":0,"menu_order":0,"comment_status":"closed","ping_status":"closed","template":"","meta":{"footnotes":""},"class_list":["post-30","page","type-page","status-publish","hentry"],"_links":{"self":[{"href":"https:\/\/pittou.fr\/index.php\/wp-json\/wp\/v2\/pages\/30","targetHints":{"allow":["GET"]}}],"collection":[{"href":"https:\/\/pittou.fr\/index.php\/wp-json\/wp\/v2\/pages"}],"about":[{"href":"https:\/\/pittou.fr\/index.php\/wp-json\/wp\/v2\/types\/page"}],"author":[{"embeddable":true,"href":"https:\/\/pittou.fr\/index.php\/wp-json\/wp\/v2\/users\/1"}],"replies":[{"embeddable":true,"href":"https:\/\/pittou.fr\/index.php\/wp-json\/wp\/v2\/comments?post=30"}],"version-history":[{"count":7,"href":"https:\/\/pittou.fr\/index.php\/wp-json\/wp\/v2\/pages\/30\/revisions"}],"predecessor-version":[{"id":247,"href":"https:\/\/pittou.fr\/index.php\/wp-json\/wp\/v2\/pages\/30\/revisions\/247"}],"wp:attachment":[{"href":"https:\/\/pittou.fr\/index.php\/wp-json\/wp\/v2\/media?parent=30"}],"curies":[{"name":"wp","href":"https:\/\/api.w.org\/{rel}","templated":true}]}}